{"id":267,"date":"2022-12-22T06:56:45","date_gmt":"2022-12-22T06:56:45","guid":{"rendered":"http:\/\/localhost\/Animal\/wordpress\/?page_id=267"},"modified":"2024-03-18T11:24:33","modified_gmt":"2024-03-18T11:24:33","slug":"contact","status":"publish","type":"page","link":"https:\/\/lymedanimal.fi\/en\/contact\/","title":{"rendered":"Contact"},"content":{"rendered":"<p>[et_pb_section fb_built=&#8221;1&#8243; next_background_color=&#8221;#F6F3EF&#8221; admin_label=&#8221;Header&#8221; _builder_version=&#8221;4.24.2&#8243; _module_preset=&#8221;default&#8221; background_image=&#8221;https:\/\/lymedanimal.fi\/en\/wp-content\/uploads\/2024\/03\/lymed-dog-green1.jpg&#8221; background_position=&#8221;top_center&#8221; background_vertical_offset=&#8221;40%&#8221; background_blend=&#8221;multiply&#8221; custom_padding=&#8221;8%||8%||true|false&#8221; bottom_divider_style=&#8221;arrow&#8221; bottom_divider_height=&#8221;101px&#8221; bottom_divider_height_tablet=&#8221;40px&#8221; bottom_divider_height_phone=&#8221;40px&#8221; bottom_divider_height_last_edited=&#8221;on|phone&#8221; hover_enabled=&#8221;0&#8243; locked=&#8221;off&#8221; collapsed=&#8221;on&#8221; global_colors_info=&#8221;{}&#8221; title_text=&#8221;lymed-dog-green(1)&#8221; background_enable_color=&#8221;off&#8221; sticky_enabled=&#8221;0&#8243;][et_pb_row _builder_version=&#8221;4.18.0&#8243; _module_preset=&#8221;default&#8221; max_width=&#8221;1145px&#8221; global_colors_info=&#8221;{}&#8221;][et_pb_column type=&#8221;4_4&#8243; _builder_version=&#8221;4.17.4&#8243; _module_preset=&#8221;default&#8221; global_colors_info=&#8221;{}&#8221;][et_pb_text _builder_version=&#8221;4.23.4&#8243; _module_preset=&#8221;c16985e1-e0d6-4022-964d-e2bfc04fa633&#8243; header_font=&#8221;Work Sans Variable|600|||||||&#8221; header_text_color=&#8221;#FFFFFF&#8221; header_font_size=&#8221;56px&#8221; header_line_height=&#8221;1.2em&#8221; text_orientation=&#8221;center&#8221; header_font_size_tablet=&#8221;40px&#8221; header_font_size_phone=&#8221;24px&#8221; header_font_size_last_edited=&#8221;on|desktop&#8221; global_colors_info=&#8221;{}&#8221;]<\/p>\n<nav id=\"flash-breadcrumbs\" class=\"breadcrumb-trail breadcrumbs pageheader-small\">\n<div class=\"tg-container\">\n<nav id=\"flash-breadcrumbs\" class=\"breadcrumb-trail breadcrumbs pageheader-small\">\n<div class=\"tg-container\">\n<h1 class=\"trail-title\">Contact<\/h1>\n<\/div>\n<\/nav>\n<\/div>\n<\/nav>\n<p>[\/et_pb_text][\/et_pb_column][\/et_pb_row][\/et_pb_section][et_pb_section fb_built=&#8221;1&#8243; admin_label=&#8221;Services&#8221; _builder_version=&#8221;4.17.4&#8243; _module_preset=&#8221;default&#8221; background_color=&#8221;#F6F3EF&#8221; custom_margin=&#8221;-3px|||||&#8221; locked=&#8221;off&#8221; collapsed=&#8221;on&#8221; global_colors_info=&#8221;{}&#8221;][et_pb_row column_structure=&#8221;1_4,3_4&#8243; _builder_version=&#8221;4.17.4&#8243; _module_preset=&#8221;default&#8221; width=&#8221;82%&#8221; saved_tabs=&#8221;all&#8221; global_colors_info=&#8221;{}&#8221;][et_pb_column type=&#8221;1_4&#8243; _builder_version=&#8221;4.17.4&#8243; _module_preset=&#8221;default&#8221; custom_padding_tablet=&#8221;||30px||false|false&#8221; custom_padding_phone=&#8221;||30px||false|false&#8221; custom_padding_last_edited=&#8221;on|tablet&#8221; global_colors_info=&#8221;{}&#8221;][et_pb_sidebar area=&#8221;et_pb_widget_area_1&#8243; _builder_version=&#8221;4.18.0&#8243; _module_preset=&#8221;default&#8221; body_font=&#8221;Open Sans 600||||||||&#8221; body_text_color=&#8221;#00702c&#8221; body_font_size=&#8221;17px&#8221; width=&#8221;100%&#8221; width_last_edited=&#8221;off|desktop&#8221; global_module=&#8221;356&#8243; saved_tabs=&#8221;all&#8221; global_colors_info=&#8221;{}&#8221; body_text_color__hover_enabled=&#8221;on|desktop&#8221; body_text_color__hover=&#8221;#7CDA24&#8243;][\/et_pb_sidebar][\/et_pb_column][et_pb_column type=&#8221;3_4&#8243; _builder_version=&#8221;4.17.4&#8243; _module_preset=&#8221;default&#8221; custom_padding_tablet=&#8221;||30px||false|false&#8221; custom_padding_phone=&#8221;||30px||false|false&#8221; custom_padding_last_edited=&#8221;on|tablet&#8221; global_colors_info=&#8221;{}&#8221;][et_pb_divider color=&#8221;#7CDA24&#8243; _builder_version=&#8221;4.18.0&#8243; _module_preset=&#8221;default&#8221; global_colors_info=&#8221;{}&#8221;][\/et_pb_divider][et_pb_text _builder_version=&#8221;4.23.4&#8243; _module_preset=&#8221;default&#8221; header_2_font=&#8221;Work Sans Variable|600|||||||&#8221; global_colors_info=&#8221;{}&#8221;]<\/p>\n<h2>Customer Service<\/h2>\n<p>[\/et_pb_text][et_pb_text _builder_version=&#8221;4.23.4&#8243; _module_preset=&#8221;default&#8221; text_font=&#8221;Open Sans Variable||||||||&#8221; text_font_size=&#8221;20px&#8221; global_colors_info=&#8221;{}&#8221;]<\/p>\n<div class=\"et_pb_column et_pb_column_1_3 et_pb_column_inner et_pb_column_inner_4 et-last-child\">\n<div class=\"et_pb_module et_pb_text et_pb_text_5  et_pb_text_align_left et_pb_bg_layout_light\">\n<div class=\"et_pb_text_inner\">\n<p>Email: info@lymed.fi<\/p>\n<\/div>\n<\/div>\n<\/div>\n<p>[\/et_pb_text][et_pb_text _builder_version=&#8221;4.23.4&#8243; _module_preset=&#8221;default&#8221; text_font=&#8221;Open Sans Variable||||||||&#8221; text_font_size=&#8221;19px&#8221; global_colors_info=&#8221;{}&#8221;]<\/p>\n<p>Phone: +358 (0)20 779 2233<\/p>\n<p>Mon \u2013 Fri, 9 am to 3 pm (EET)<\/p>\n<p>[\/et_pb_text][et_pb_divider color=&#8221;#7CDA24&#8243; _builder_version=&#8221;4.18.0&#8243; _module_preset=&#8221;default&#8221; global_colors_info=&#8221;{}&#8221;][\/et_pb_divider][et_pb_text _builder_version=&#8221;4.23.4&#8243; _module_preset=&#8221;default&#8221; header_2_font=&#8221;Work Sans Variable|600|||||||&#8221; global_colors_info=&#8221;{}&#8221;]<\/p>\n<h2>Customers<\/h2>\n<p>[\/et_pb_text][et_pb_text _builder_version=&#8221;4.23.4&#8243; _module_preset=&#8221;default&#8221; text_font=&#8221;Open Sans Variable||||||||&#8221; text_font_size=&#8221;19px&#8221; header_4_font=&#8221;Open Sans Variable||||||||&#8221; global_colors_info=&#8221;{}&#8221;]<\/p>\n<div class=\"et_pb_module et_pb_text et_pb_text_7  et_pb_text_align_left et_pb_bg_layout_light\">\n<div class=\"et_pb_text_inner\">\n<h3>Opening hours:<\/h3>\n<p>Mon \u2013 Fri daily\u00a0 8 am \u2013 4 pm (EET)<\/p>\n<p>Pyh\u00e4j\u00e4rvenkatu 5, 33200 Tampere<\/p>\n<\/div>\n<\/div>\n<div class=\"et_pb_module et_pb_text et_pb_text_8  et_pb_text_align_left et_pb_bg_layout_light\">\n<div class=\"et_pb_text_inner\">\n<p>Entrance from Pyh\u00e4j\u00e4rvenkatu, street level.<br \/>Please let us know if special assistance is required during your visit.<\/p>\n<\/div>\n<\/div>\n<p>[\/et_pb_text][et_pb_code _builder_version=&#8221;4.18.0&#8243; _module_preset=&#8221;default&#8221; global_colors_info=&#8221;{}&#8221;]<iframe src=\"https:\/\/www.google.com\/maps\/embed?pb=!1m18!1m12!1m3!1d3808.453255834528!2d23.75145825506363!3d61.49264863680418!2m3!1f0!2f0!3f0!3m2!1i1024!2i768!4f13.1!3m3!1m2!1s0x468ed8b193d80e4f%3A0x697e1abaa91168f1!2sLymed%20Oy!5e0!3m2!1sfi!2sfi!4v1644919663698!5m2!1sfi!2sfi\" width=\"600\" height=\"450\" style=\"border:0;\" allowfullscreen=\"\" loading=\"lazy\"><\/iframe>[\/et_pb_code][et_pb_divider color=&#8221;#7CDA24&#8243; _builder_version=&#8221;4.18.0&#8243; _module_preset=&#8221;default&#8221; global_colors_info=&#8221;{}&#8221;][\/et_pb_divider][et_pb_text _builder_version=&#8221;4.23.4&#8243; _module_preset=&#8221;default&#8221; header_2_font=&#8221;Work Sans Variable|600|||||||&#8221; global_colors_info=&#8221;{}&#8221;]<\/p>\n<h2>Mailing address:<\/h2>\n<p>[\/et_pb_text][et_pb_text _builder_version=&#8221;4.23.4&#8243; _module_preset=&#8221;default&#8221; text_font=&#8221;Open Sans Variable||||||||&#8221; text_font_size=&#8221;19px&#8221; header_4_font=&#8221;Open Sans Variable||||||||&#8221; global_colors_info=&#8221;{}&#8221;]<\/p>\n<div class=\"et_pb_module et_pb_text et_pb_text_7  et_pb_text_align_left et_pb_bg_layout_light\">\n<div class=\"et_pb_text_inner\">\n<p>Pyh\u00e4j\u00e4rvenkatu 5, 33200 Tampere FINLAND<\/p>\n<\/div>\n<\/div>\n<p>[\/et_pb_text][et_pb_text _builder_version=&#8221;4.23.4&#8243; _module_preset=&#8221;default&#8221; header_2_font=&#8221;Work Sans Variable|600|||||||&#8221; global_colors_info=&#8221;{}&#8221;]<\/p>\n<h2>Reception of goods:<\/h2>\n<p>[\/et_pb_text][et_pb_text _builder_version=&#8221;4.23.4&#8243; _module_preset=&#8221;default&#8221; text_font=&#8221;Open Sans Variable||||||||&#8221; text_font_size=&#8221;19px&#8221; header_4_font=&#8221;Open Sans Variable||||||||&#8221; global_colors_info=&#8221;{}&#8221;]<\/p>\n<div class=\"et_pb_module et_pb_text et_pb_text_7  et_pb_text_align_left et_pb_bg_layout_light\">\n<div class=\"et_pb_text_inner\">\n<p>Pyh\u00e4j\u00e4rvenkatu 5 A, 33200 Tampere<br \/>Level -1, below street level<\/p>\n<\/div>\n<\/div>\n<p>[\/et_pb_text][\/et_pb_column][\/et_pb_row][\/et_pb_section]<\/p>\n","protected":false},"excerpt":{"rendered":"<p>Contact Customer Service Email: info@lymed.fi Phone: +358 (0)20 779 2233 Mon \u2013 Fri, 9 am to 3 pm (EET)Customers Opening hours: Mon \u2013 Fri daily\u00a0 8 am \u2013 4 pm (EET) Pyh\u00e4j\u00e4rvenkatu 5, 33200 Tampere Entrance from Pyh\u00e4j\u00e4rvenkatu, street level.Please let us know if special assistance is required during your visit. Mailing address: Pyh\u00e4j\u00e4rvenkatu 5, [&hellip;]<\/p>\n","protected":false},"author":1,"featured_media":0,"parent":0,"menu_order":0,"comment_status":"closed","ping_status":"closed","template":"","meta":{"_et_pb_use_builder":"on","_et_pb_old_content":"","_et_gb_content_width":"","inline_featured_image":false,"footnotes":""},"class_list":["post-267","page","type-page","status-publish","hentry"],"_links":{"self":[{"href":"https:\/\/lymedanimal.fi\/en\/wp-json\/wp\/v2\/pages\/267","targetHints":{"allow":["GET"]}}],"collection":[{"href":"https:\/\/lymedanimal.fi\/en\/wp-json\/wp\/v2\/pages"}],"about":[{"href":"https:\/\/lymedanimal.fi\/en\/wp-json\/wp\/v2\/types\/page"}],"author":[{"embeddable":true,"href":"https:\/\/lymedanimal.fi\/en\/wp-json\/wp\/v2\/users\/1"}],"replies":[{"embeddable":true,"href":"https:\/\/lymedanimal.fi\/en\/wp-json\/wp\/v2\/comments?post=267"}],"version-history":[{"count":1,"href":"https:\/\/lymedanimal.fi\/en\/wp-json\/wp\/v2\/pages\/267\/revisions"}],"predecessor-version":[{"id":673,"href":"https:\/\/lymedanimal.fi\/en\/wp-json\/wp\/v2\/pages\/267\/revisions\/673"}],"wp:attachment":[{"href":"https:\/\/lymedanimal.fi\/en\/wp-json\/wp\/v2\/media?parent=267"}],"curies":[{"name":"wp","href":"https:\/\/api.w.org\/{rel}","templated":true}]}}